{"id":1309,"date":"2023-11-07T01:15:32","date_gmt":"2023-11-07T00:15:32","guid":{"rendered":"https:\/\/notariabustamante.com\/?page_id=1309"},"modified":"2024-01-17T01:41:42","modified_gmt":"2024-01-17T00:41:42","slug":"reservarcita","status":"publish","type":"page","link":"https:\/\/notariabustamante.com\/index.php\/reservarcita\/","title":{"rendered":"Reservar Cita"},"content":{"rendered":"\t\t<div data-elementor-type=\"wp-page\" data-elementor-id=\"1309\" class=\"elementor elementor-1309\" data-elementor-post-type=\"page\">\n\t\t\t\t\t\t<section class=\"elementor-section elementor-top-section elementor-element elementor-element-9731708 elementor-section-boxed elementor-section-height-default elementor-section-height-default\" data-id=\"9731708\" data-element_type=\"section\" data-settings=\"{&quot;background_background&quot;:&quot;classic&quot;}\">\n\t\t\t\t\t\t\t<div class=\"elementor-background-overlay\"><\/div>\n\t\t\t\t\t\t\t<div class=\"elementor-container elementor-column-gap-default\">\n\t\t\t\t\t<div class=\"elementor-column elementor-col-100 elementor-top-column elementor-element elementor-element-cb1697a\" data-id=\"cb1697a\" data-element_type=\"column\">\n\t\t\t<div class=\"elementor-widget-wrap elementor-element-populated\">\n\t\t\t\t\t\t<div class=\"elementor-element elementor-element-d2d0793 elementor-widget elementor-widget-text-editor\" data-id=\"d2d0793\" data-element_type=\"widget\" data-widget_type=\"text-editor.default\">\n\t\t\t\t<div class=\"elementor-widget-container\">\n\t\t\t\t\t\t\t\t\t<p>Si desea programar una cita en la Notar\u00eda, le invitamos a completar nuestro formulario de citas con anticipaci\u00f3n. Nos comunicaremos con usted tan pronto como sea posible.<\/p>\t\t\t\t\t\t\t\t<\/div>\n\t\t\t\t<\/div>\n\t\t\t\t\t<\/div>\n\t\t<\/div>\n\t\t\t\t\t<\/div>\n\t\t<\/section>\n\t\t<div class=\"elementor-element elementor-element-a7ac143 e-flex e-con-boxed e-con e-parent\" data-id=\"a7ac143\" data-element_type=\"container\" data-settings=\"{&quot;background_background&quot;:&quot;classic&quot;}\">\n\t\t\t\t\t<div class=\"e-con-inner\">\n\t\t\t\t<div class=\"elementor-element elementor-element-fa73d05 elementor-widget elementor-widget-html\" data-id=\"fa73d05\" data-element_type=\"widget\" data-widget_type=\"html.default\">\n\t\t\t\t<div class=\"elementor-widget-container\">\n\t\t\t\t\t<script type=\"text\/javascript\" src=\"https:\/\/form.jotform.com\/jsform\/233097021646656\"><\/script>\t\t\t\t<\/div>\n\t\t\t\t<\/div>\n\t\t\t\t\t<\/div>\n\t\t\t\t<\/div>\n\t\t\t\t<\/div>\n\t\t","protected":false},"excerpt":{"rendered":"<p>Si desea programar una cita en la Notar\u00eda, le invitamos a completar nuestro formulario de citas con anticipaci\u00f3n. Nos comunicaremos con usted tan pronto como sea posible.<\/p>\n","protected":false},"author":1,"featured_media":0,"parent":0,"menu_order":0,"comment_status":"closed","ping_status":"closed","template":"","meta":{"footnotes":""},"class_list":["post-1309","page","type-page","status-publish","hentry"],"yoast_head":"<!-- This site is optimized with the Yoast SEO plugin v24.2 - https:\/\/yoast.com\/wordpress\/plugins\/seo\/ -->\n<title>Reservar Cita - Notar\u00eda Bustamante<\/title>\n<meta name=\"robots\" content=\"index, follow, max-snippet:-1, max-image-preview:large, max-video-preview:-1\" \/>\n<link rel=\"canonical\" href=\"https:\/\/notariabustamante.com\/index.php\/reservarcita\/\" \/>\n<meta property=\"og:locale\" content=\"es_ES\" \/>\n<meta property=\"og:type\" content=\"article\" \/>\n<meta property=\"og:title\" content=\"Reservar Cita - Notar\u00eda Bustamante\" \/>\n<meta property=\"og:description\" content=\"Si desea programar una cita en la Notar\u00eda, le invitamos a completar nuestro formulario de citas con anticipaci\u00f3n. Nos comunicaremos con usted tan pronto como sea posible.\" \/>\n<meta property=\"og:url\" content=\"https:\/\/notariabustamante.com\/index.php\/reservarcita\/\" \/>\n<meta property=\"og:site_name\" content=\"Notar\u00eda Bustamante\" \/>\n<meta property=\"article:modified_time\" content=\"2024-01-17T00:41:42+00:00\" \/>\n<meta property=\"og:image\" content=\"https:\/\/notariabustamante.com\/wp-content\/uploads\/2023\/08\/LogoHeadeFooter_1.jpeg\" \/>\n\t<meta property=\"og:image:width\" content=\"466\" \/>\n\t<meta property=\"og:image:height\" content=\"148\" \/>\n\t<meta property=\"og:image:type\" content=\"image\/jpeg\" \/>\n<meta name=\"twitter:card\" content=\"summary_large_image\" \/>\n<script type=\"application\/ld+json\" class=\"yoast-schema-graph\">{\"@context\":\"https:\/\/schema.org\",\"@graph\":[{\"@type\":\"WebPage\",\"@id\":\"https:\/\/notariabustamante.com\/index.php\/reservarcita\/\",\"url\":\"https:\/\/notariabustamante.com\/index.php\/reservarcita\/\",\"name\":\"Reservar Cita - Notar\u00eda Bustamante\",\"isPartOf\":{\"@id\":\"https:\/\/notariabustamante.com\/#website\"},\"datePublished\":\"2023-11-07T00:15:32+00:00\",\"dateModified\":\"2024-01-17T00:41:42+00:00\",\"breadcrumb\":{\"@id\":\"https:\/\/notariabustamante.com\/index.php\/reservarcita\/#breadcrumb\"},\"inLanguage\":\"es\",\"potentialAction\":[{\"@type\":\"ReadAction\",\"target\":[\"https:\/\/notariabustamante.com\/index.php\/reservarcita\/\"]}]},{\"@type\":\"BreadcrumbList\",\"@id\":\"https:\/\/notariabustamante.com\/index.php\/reservarcita\/#breadcrumb\",\"itemListElement\":[{\"@type\":\"ListItem\",\"position\":1,\"name\":\"Home\",\"item\":\"https:\/\/notariabustamante.com\/\"},{\"@type\":\"ListItem\",\"position\":2,\"name\":\"Reservar Cita\"}]},{\"@type\":\"WebSite\",\"@id\":\"https:\/\/notariabustamante.com\/#website\",\"url\":\"https:\/\/notariabustamante.com\/\",\"name\":\"Notar\u00eda Bustamante\",\"description\":\"Notar\u00eda Bustamante en la ciudad de Ja\u00e9n - Per\u00fa\",\"publisher\":{\"@id\":\"https:\/\/notariabustamante.com\/#organization\"},\"potentialAction\":[{\"@type\":\"SearchAction\",\"target\":{\"@type\":\"EntryPoint\",\"urlTemplate\":\"https:\/\/notariabustamante.com\/?s={search_term_string}\"},\"query-input\":{\"@type\":\"PropertyValueSpecification\",\"valueRequired\":true,\"valueName\":\"search_term_string\"}}],\"inLanguage\":\"es\"},{\"@type\":\"Organization\",\"@id\":\"https:\/\/notariabustamante.com\/#organization\",\"name\":\"Notar\u00eda Bustamante\",\"url\":\"https:\/\/notariabustamante.com\/\",\"logo\":{\"@type\":\"ImageObject\",\"inLanguage\":\"es\",\"@id\":\"https:\/\/notariabustamante.com\/#\/schema\/logo\/image\/\",\"url\":\"https:\/\/notariabustamante.com\/wp-content\/uploads\/2023\/08\/LogoHeadeFooter_1.jpeg\",\"contentUrl\":\"https:\/\/notariabustamante.com\/wp-content\/uploads\/2023\/08\/LogoHeadeFooter_1.jpeg\",\"width\":466,\"height\":148,\"caption\":\"Notar\u00eda Bustamante\"},\"image\":{\"@id\":\"https:\/\/notariabustamante.com\/#\/schema\/logo\/image\/\"}}]}<\/script>\n<!-- \/ Yoast SEO plugin. -->","yoast_head_json":{"title":"Reservar Cita - Notar\u00eda Bustamante","robots":{"index":"index","follow":"follow","max-snippet":"max-snippet:-1","max-image-preview":"max-image-preview:large","max-video-preview":"max-video-preview:-1"},"canonical":"https:\/\/notariabustamante.com\/index.php\/reservarcita\/","og_locale":"es_ES","og_type":"article","og_title":"Reservar Cita - Notar\u00eda Bustamante","og_description":"Si desea programar una cita en la Notar\u00eda, le invitamos a completar nuestro formulario de citas con anticipaci\u00f3n. Nos comunicaremos con usted tan pronto como sea posible.","og_url":"https:\/\/notariabustamante.com\/index.php\/reservarcita\/","og_site_name":"Notar\u00eda Bustamante","article_modified_time":"2024-01-17T00:41:42+00:00","og_image":[{"width":466,"height":148,"url":"https:\/\/notariabustamante.com\/wp-content\/uploads\/2023\/08\/LogoHeadeFooter_1.jpeg","type":"image\/jpeg"}],"twitter_card":"summary_large_image","schema":{"@context":"https:\/\/schema.org","@graph":[{"@type":"WebPage","@id":"https:\/\/notariabustamante.com\/index.php\/reservarcita\/","url":"https:\/\/notariabustamante.com\/index.php\/reservarcita\/","name":"Reservar Cita - Notar\u00eda Bustamante","isPartOf":{"@id":"https:\/\/notariabustamante.com\/#website"},"datePublished":"2023-11-07T00:15:32+00:00","dateModified":"2024-01-17T00:41:42+00:00","breadcrumb":{"@id":"https:\/\/notariabustamante.com\/index.php\/reservarcita\/#breadcrumb"},"inLanguage":"es","potentialAction":[{"@type":"ReadAction","target":["https:\/\/notariabustamante.com\/index.php\/reservarcita\/"]}]},{"@type":"BreadcrumbList","@id":"https:\/\/notariabustamante.com\/index.php\/reservarcita\/#breadcrumb","itemListElement":[{"@type":"ListItem","position":1,"name":"Home","item":"https:\/\/notariabustamante.com\/"},{"@type":"ListItem","position":2,"name":"Reservar Cita"}]},{"@type":"WebSite","@id":"https:\/\/notariabustamante.com\/#website","url":"https:\/\/notariabustamante.com\/","name":"Notar\u00eda Bustamante","description":"Notar\u00eda Bustamante en la ciudad de Ja\u00e9n - Per\u00fa","publisher":{"@id":"https:\/\/notariabustamante.com\/#organization"},"potentialAction":[{"@type":"SearchAction","target":{"@type":"EntryPoint","urlTemplate":"https:\/\/notariabustamante.com\/?s={search_term_string}"},"query-input":{"@type":"PropertyValueSpecification","valueRequired":true,"valueName":"search_term_string"}}],"inLanguage":"es"},{"@type":"Organization","@id":"https:\/\/notariabustamante.com\/#organization","name":"Notar\u00eda Bustamante","url":"https:\/\/notariabustamante.com\/","logo":{"@type":"ImageObject","inLanguage":"es","@id":"https:\/\/notariabustamante.com\/#\/schema\/logo\/image\/","url":"https:\/\/notariabustamante.com\/wp-content\/uploads\/2023\/08\/LogoHeadeFooter_1.jpeg","contentUrl":"https:\/\/notariabustamante.com\/wp-content\/uploads\/2023\/08\/LogoHeadeFooter_1.jpeg","width":466,"height":148,"caption":"Notar\u00eda Bustamante"},"image":{"@id":"https:\/\/notariabustamante.com\/#\/schema\/logo\/image\/"}}]}},"_links":{"self":[{"href":"https:\/\/notariabustamante.com\/index.php\/wp-json\/wp\/v2\/pages\/1309","targetHints":{"allow":["GET"]}}],"collection":[{"href":"https:\/\/notariabustamante.com\/index.php\/wp-json\/wp\/v2\/pages"}],"about":[{"href":"https:\/\/notariabustamante.com\/index.php\/wp-json\/wp\/v2\/types\/page"}],"author":[{"embeddable":true,"href":"https:\/\/notariabustamante.com\/index.php\/wp-json\/wp\/v2\/users\/1"}],"replies":[{"embeddable":true,"href":"https:\/\/notariabustamante.com\/index.php\/wp-json\/wp\/v2\/comments?post=1309"}],"version-history":[{"count":99,"href":"https:\/\/notariabustamante.com\/index.php\/wp-json\/wp\/v2\/pages\/1309\/revisions"}],"predecessor-version":[{"id":2726,"href":"https:\/\/notariabustamante.com\/index.php\/wp-json\/wp\/v2\/pages\/1309\/revisions\/2726"}],"wp:attachment":[{"href":"https:\/\/notariabustamante.com\/index.php\/wp-json\/wp\/v2\/media?parent=1309"}],"curies":[{"name":"wp","href":"https:\/\/api.w.org\/{rel}","templated":true}]}}