{"id":3689,"date":"2024-02-20T00:41:00","date_gmt":"2024-02-19T23:41:00","guid":{"rendered":"https:\/\/notariabustamante.com\/?page_id=3689"},"modified":"2024-02-26T03:12:07","modified_gmt":"2024-02-26T02:12:07","slug":"mision-vision-y-valores","status":"publish","type":"page","link":"https:\/\/notariabustamante.com\/index.php\/mision-vision-y-valores\/","title":{"rendered":"Misi\u00f3n, Visi\u00f3n y Valores"},"content":{"rendered":"\t\t<div data-elementor-type=\"wp-page\" data-elementor-id=\"3689\" class=\"elementor elementor-3689\" data-elementor-post-type=\"page\">\n\t\t\t\t\t\t<section class=\"elementor-section elementor-top-section elementor-element elementor-element-71ff61f8 elementor-section-boxed elementor-section-height-default elementor-section-height-default\" data-id=\"71ff61f8\" data-element_type=\"section\" data-settings=\"{&quot;background_background&quot;:&quot;classic&quot;}\">\n\t\t\t\t\t\t\t<div class=\"elementor-background-overlay\"><\/div>\n\t\t\t\t\t\t\t<div class=\"elementor-container elementor-column-gap-default\">\n\t\t\t\t\t<div class=\"elementor-column elementor-col-100 elementor-top-column elementor-element elementor-element-56484ad8\" data-id=\"56484ad8\" data-element_type=\"column\">\n\t\t\t<div class=\"elementor-widget-wrap elementor-element-populated\">\n\t\t\t\t\t\t<div class=\"elementor-element elementor-element-7eabac77 elementor-widget elementor-widget-text-editor\" data-id=\"7eabac77\" data-element_type=\"widget\" data-widget_type=\"text-editor.default\">\n\t\t\t\t<div class=\"elementor-widget-container\">\n\t\t\t\t\t\t\t\t\t<p>Con una visi\u00f3n de integridad y un compromiso con la excelencia, brindamos servicios notariales que trascienden la mera formalidad, asegurando la protecci\u00f3n de sus intereses con profesionalismo y confianza.<\/p>\t\t\t\t\t\t\t\t<\/div>\n\t\t\t\t<\/div>\n\t\t\t\t\t<\/div>\n\t\t<\/div>\n\t\t\t\t\t<\/div>\n\t\t<\/section>\n\t\t<div class=\"elementor-element elementor-element-80c129e e-flex e-con-boxed e-con e-parent\" data-id=\"80c129e\" data-element_type=\"container\" data-settings=\"{&quot;background_background&quot;:&quot;classic&quot;}\">\n\t\t\t\t\t<div class=\"e-con-inner\">\n\t\t<div class=\"elementor-element elementor-element-f3ae575 e-flex e-con-boxed e-con e-child\" data-id=\"f3ae575\" data-element_type=\"container\">\n\t\t\t\t\t<div class=\"e-con-inner\">\n\t\t<div class=\"elementor-element elementor-element-cf1160d e-flex e-con-boxed e-con e-child\" data-id=\"cf1160d\" data-element_type=\"container\" data-settings=\"{&quot;background_background&quot;:&quot;classic&quot;}\">\n\t\t\t\t\t<div class=\"e-con-inner\">\n\t\t<div class=\"elementor-element elementor-element-2eb539c e-con-full e-flex e-con e-child\" data-id=\"2eb539c\" data-element_type=\"container\" data-settings=\"{&quot;background_background&quot;:&quot;classic&quot;}\">\n\t\t<div class=\"elementor-element elementor-element-12f475e e-flex e-con-boxed e-con e-child\" data-id=\"12f475e\" data-element_type=\"container\">\n\t\t\t\t\t<div class=\"e-con-inner\">\n\t\t\t\t<div class=\"elementor-element elementor-element-a05c56a elementor-widget elementor-widget-heading\" data-id=\"a05c56a\" data-element_type=\"widget\" data-widget_type=\"heading.default\">\n\t\t\t\t<div class=\"elementor-widget-container\">\n\t\t\t\t\t<h2 class=\"elementor-heading-title elementor-size-default\">MISI\u00d3N<\/h2>\t\t\t\t<\/div>\n\t\t\t\t<\/div>\n\t\t\t\t<div class=\"elementor-element elementor-element-c518b1c elementor-widget__width-initial elementor-widget-tablet__width-initial elementor-widget-mobile__width-initial elementor-widget elementor-widget-text-editor\" data-id=\"c518b1c\" data-element_type=\"widget\" data-widget_type=\"text-editor.default\">\n\t\t\t\t<div class=\"elementor-widget-container\">\n\t\t\t\t\t\t\t\t\t<p>Seguridad jur\u00eddica notarial a su servicio, con calidad oportunidad y legalidad.<\/p>\t\t\t\t\t\t\t\t<\/div>\n\t\t\t\t<\/div>\n\t\t\t\t\t<\/div>\n\t\t\t\t<\/div>\n\t\t<div class=\"elementor-element elementor-element-0f7506d e-flex e-con-boxed e-con e-child\" data-id=\"0f7506d\" data-element_type=\"container\">\n\t\t\t\t\t<div class=\"e-con-inner\">\n\t\t\t\t<div class=\"elementor-element elementor-element-6a24d94 elementor-widget elementor-widget-heading\" data-id=\"6a24d94\" data-element_type=\"widget\" data-widget_type=\"heading.default\">\n\t\t\t\t<div class=\"elementor-widget-container\">\n\t\t\t\t\t<h2 class=\"elementor-heading-title elementor-size-default\">VISI\u00d3N<\/h2>\t\t\t\t<\/div>\n\t\t\t\t<\/div>\n\t\t\t\t<div class=\"elementor-element elementor-element-90b927e elementor-widget__width-initial elementor-widget-tablet__width-initial elementor-widget elementor-widget-text-editor\" data-id=\"90b927e\" data-element_type=\"widget\" data-widget_type=\"text-editor.default\">\n\t\t\t\t<div class=\"elementor-widget-container\">\n\t\t\t\t\t\t\t\t\t<p>Somos una organizaci\u00f3n Notarial l\u00edder en la sub-regi\u00f3n nor oriental peruana y provincia de Ja\u00e9n. Atenci\u00f3n con calidad y profesionalidad jur\u00eddica a tu servicio.<\/p>\t\t\t\t\t\t\t\t<\/div>\n\t\t\t\t<\/div>\n\t\t\t\t\t<\/div>\n\t\t\t\t<\/div>\n\t\t\t\t<\/div>\n\t\t<div class=\"elementor-element elementor-element-87d856f e-con-full e-flex e-con e-child\" data-id=\"87d856f\" data-element_type=\"container\">\n\t\t\t\t<div class=\"elementor-element elementor-element-c1d00fa elementor-widget elementor-widget-image\" data-id=\"c1d00fa\" data-element_type=\"widget\" data-widget_type=\"image.default\">\n\t\t\t\t<div class=\"elementor-widget-container\">\n\t\t\t\t\t\t\t\t\t\t\t\t\t\t\t<img fetchpriority=\"high\" decoding=\"async\" width=\"800\" height=\"431\" src=\"https:\/\/notariabustamante.com\/wp-content\/uploads\/2024\/02\/Mision-Vision.jpg\" class=\"attachment-large size-large wp-image-3724\" alt=\"\" srcset=\"https:\/\/notariabustamante.com\/wp-content\/uploads\/2024\/02\/Mision-Vision.jpg 1008w, https:\/\/notariabustamante.com\/wp-content\/uploads\/2024\/02\/Mision-Vision-300x162.jpg 300w, https:\/\/notariabustamante.com\/wp-content\/uploads\/2024\/02\/Mision-Vision-768x414.jpg 768w\" sizes=\"(max-width: 800px) 100vw, 800px\" \/>\t\t\t\t\t\t\t\t\t\t\t\t\t\t\t<\/div>\n\t\t\t\t<\/div>\n\t\t\t\t<\/div>\n\t\t\t\t\t<\/div>\n\t\t\t\t<\/div>\n\t\t\t\t\t<\/div>\n\t\t\t\t<\/div>\n\t\t\t\t\t<\/div>\n\t\t\t\t<\/div>\n\t\t<div class=\"elementor-element elementor-element-cdbf048 e-con-full e-flex e-con e-child\" data-id=\"cdbf048\" data-element_type=\"container\" data-settings=\"{&quot;background_background&quot;:&quot;classic&quot;}\">\n\t\t<div class=\"elementor-element elementor-element-450a69c e-flex e-con-boxed e-con e-child\" data-id=\"450a69c\" data-element_type=\"container\" data-settings=\"{&quot;background_background&quot;:&quot;classic&quot;}\">\n\t\t\t\t\t<div class=\"e-con-inner\">\n\t\t\t\t<div class=\"elementor-element elementor-element-0f6e730 elementor-widget elementor-widget-heading\" data-id=\"0f6e730\" data-element_type=\"widget\" data-widget_type=\"heading.default\">\n\t\t\t\t<div class=\"elementor-widget-container\">\n\t\t\t\t\t<h2 class=\"elementor-heading-title elementor-size-default\">VALORES<\/h2>\t\t\t\t<\/div>\n\t\t\t\t<\/div>\n\t\t\t\t<div class=\"elementor-element elementor-element-8451dd9 elementor-icon-list--layout-traditional elementor-list-item-link-full_width elementor-widget elementor-widget-icon-list\" data-id=\"8451dd9\" data-element_type=\"widget\" data-widget_type=\"icon-list.default\">\n\t\t\t\t<div class=\"elementor-widget-container\">\n\t\t\t\t\t\t\t<ul class=\"elementor-icon-list-items\">\n\t\t\t\t\t\t\t<li class=\"elementor-icon-list-item\">\n\t\t\t\t\t\t\t\t\t\t\t<span class=\"elementor-icon-list-icon\">\n\t\t\t\t\t\t\t<i aria-hidden=\"true\" class=\"icon icon-diamond2\"><\/i>\t\t\t\t\t\t<\/span>\n\t\t\t\t\t\t\t\t\t\t<span class=\"elementor-icon-list-text\"><b>Integridad:<\/b> Mantenemos altos est\u00e1ndares \u00e9ticos y actuando con honestidad en todas las transacciones y relaciones profesionales con nuestros clientes.<\/span>\n\t\t\t\t\t\t\t\t\t<\/li>\n\t\t\t\t\t\t\t\t<li class=\"elementor-icon-list-item\">\n\t\t\t\t\t\t\t\t\t\t\t<span class=\"elementor-icon-list-icon\">\n\t\t\t\t\t\t\t<i aria-hidden=\"true\" class=\"icon icon-diamond2\"><\/i>\t\t\t\t\t\t<\/span>\n\t\t\t\t\t\t\t\t\t\t<span class=\"elementor-icon-list-text\"><b>Confidencialidad:<\/b> Salvaguardamos la informaci\u00f3n confidencial de los clientes y aseguramos la privacidad en todos los aspectos de los servicios notariales.<\/span>\n\t\t\t\t\t\t\t\t\t<\/li>\n\t\t\t\t\t\t\t\t<li class=\"elementor-icon-list-item\">\n\t\t\t\t\t\t\t\t\t\t\t<span class=\"elementor-icon-list-icon\">\n\t\t\t\t\t\t\t<i aria-hidden=\"true\" class=\"icon icon-diamond2\"><\/i>\t\t\t\t\t\t<\/span>\n\t\t\t\t\t\t\t\t\t\t<span class=\"elementor-icon-list-text\"><b>Responsabilidad: <\/b>Garantizamos que todos los servicios notariales se lleven a cabo de manera precisa y en conformidad con la normativa legal<\/span>\n\t\t\t\t\t\t\t\t\t<\/li>\n\t\t\t\t\t\t\t\t<li class=\"elementor-icon-list-item\">\n\t\t\t\t\t\t\t\t\t\t\t<span class=\"elementor-icon-list-icon\">\n\t\t\t\t\t\t\t<i aria-hidden=\"true\" class=\"icon icon-diamond2\"><\/i>\t\t\t\t\t\t<\/span>\n\t\t\t\t\t\t\t\t\t\t<span class=\"elementor-icon-list-text\"><b>Profesionalismo:<\/b>  Actuamos con un alto grado de profesionalismo en todas las interacciones, proporcionando servicios notariales de calidad con un enfoque orientado al cliente.<\/span>\n\t\t\t\t\t\t\t\t\t<\/li>\n\t\t\t\t\t\t\t\t<li class=\"elementor-icon-list-item\">\n\t\t\t\t\t\t\t\t\t\t\t<span class=\"elementor-icon-list-icon\">\n\t\t\t\t\t\t\t<i aria-hidden=\"true\" class=\"icon icon-diamond2\"><\/i>\t\t\t\t\t\t<\/span>\n\t\t\t\t\t\t\t\t\t\t<span class=\"elementor-icon-list-text\"><b>Transparencia: <\/b>Proporcionamos informaci\u00f3n clara y comprensible sobre los procesos notariales, tarifas y cualquier otro aspecto relevante para los clientes.<\/span>\n\t\t\t\t\t\t\t\t\t<\/li>\n\t\t\t\t\t\t\t\t<li class=\"elementor-icon-list-item\">\n\t\t\t\t\t\t\t\t\t\t\t<span class=\"elementor-icon-list-icon\">\n\t\t\t\t\t\t\t<i aria-hidden=\"true\" class=\"icon icon-diamond2\"><\/i>\t\t\t\t\t\t<\/span>\n\t\t\t\t\t\t\t\t\t\t<span class=\"elementor-icon-list-text\"><b>Innovaci\u00f3n:<\/b> Estamos abierto a la adopci\u00f3n de nuevas tecnolog\u00edas y pr\u00e1cticas innovadoras que mejoren la eficiencia y la calidad de nuestros servicios notariales.<\/span>\n\t\t\t\t\t\t\t\t\t<\/li>\n\t\t\t\t\t\t<\/ul>\n\t\t\t\t\t\t<\/div>\n\t\t\t\t<\/div>\n\t\t\t\t\t<\/div>\n\t\t\t\t<\/div>\n\t\t\t\t<\/div>\n\t\t\t\t<\/div>\n\t\t","protected":false},"excerpt":{"rendered":"<p>Con una visi\u00f3n de integridad y un compromiso con la excelencia, brindamos servicios notariales que trascienden la mera formalidad, asegurando la protecci\u00f3n de sus intereses con profesionalismo y confianza. MISI\u00d3N Seguridad jur\u00eddica notarial a su servicio, con calidad oportunidad y legalidad. VISI\u00d3N Somos una organizaci\u00f3n Notarial l\u00edder en la sub-regi\u00f3n nor oriental peruana y provincia [&hellip;]<\/p>\n","protected":false},"author":1,"featured_media":0,"parent":0,"menu_order":0,"comment_status":"closed","ping_status":"closed","template":"","meta":{"footnotes":""},"class_list":["post-3689","page","type-page","status-publish","hentry"],"yoast_head":"<!-- This site is optimized with the Yoast SEO plugin v24.2 - https:\/\/yoast.com\/wordpress\/plugins\/seo\/ -->\n<title>Misi\u00f3n, Visi\u00f3n y Valores - Notar\u00eda Bustamante<\/title>\n<meta name=\"robots\" content=\"index, follow, max-snippet:-1, max-image-preview:large, max-video-preview:-1\" \/>\n<link rel=\"canonical\" href=\"https:\/\/notariabustamante.com\/index.php\/mision-vision-y-valores\/\" \/>\n<meta property=\"og:locale\" content=\"es_ES\" \/>\n<meta property=\"og:type\" content=\"article\" \/>\n<meta property=\"og:title\" content=\"Misi\u00f3n, Visi\u00f3n y Valores - Notar\u00eda Bustamante\" \/>\n<meta property=\"og:description\" content=\"Con una visi\u00f3n de integridad y un compromiso con la excelencia, brindamos servicios notariales que trascienden la mera formalidad, asegurando la protecci\u00f3n de sus intereses con profesionalismo y confianza. MISI\u00d3N Seguridad jur\u00eddica notarial a su servicio, con calidad oportunidad y legalidad. VISI\u00d3N Somos una organizaci\u00f3n Notarial l\u00edder en la sub-regi\u00f3n nor oriental peruana y provincia [&hellip;]\" \/>\n<meta property=\"og:url\" content=\"https:\/\/notariabustamante.com\/index.php\/mision-vision-y-valores\/\" \/>\n<meta property=\"og:site_name\" content=\"Notar\u00eda Bustamante\" \/>\n<meta property=\"article:modified_time\" content=\"2024-02-26T02:12:07+00:00\" \/>\n<meta property=\"og:image\" content=\"https:\/\/notariabustamante.com\/wp-content\/uploads\/2024\/02\/Mision-Vision.jpg\" \/>\n<meta name=\"twitter:card\" content=\"summary_large_image\" \/>\n<meta name=\"twitter:label1\" content=\"Tiempo de lectura\" \/>\n\t<meta name=\"twitter:data1\" content=\"1 minuto\" \/>\n<script type=\"application\/ld+json\" class=\"yoast-schema-graph\">{\"@context\":\"https:\/\/schema.org\",\"@graph\":[{\"@type\":\"WebPage\",\"@id\":\"https:\/\/notariabustamante.com\/index.php\/mision-vision-y-valores\/\",\"url\":\"https:\/\/notariabustamante.com\/index.php\/mision-vision-y-valores\/\",\"name\":\"Misi\u00f3n, Visi\u00f3n y Valores - Notar\u00eda Bustamante\",\"isPartOf\":{\"@id\":\"https:\/\/notariabustamante.com\/#website\"},\"primaryImageOfPage\":{\"@id\":\"https:\/\/notariabustamante.com\/index.php\/mision-vision-y-valores\/#primaryimage\"},\"image\":{\"@id\":\"https:\/\/notariabustamante.com\/index.php\/mision-vision-y-valores\/#primaryimage\"},\"thumbnailUrl\":\"https:\/\/notariabustamante.com\/wp-content\/uploads\/2024\/02\/Mision-Vision.jpg\",\"datePublished\":\"2024-02-19T23:41:00+00:00\",\"dateModified\":\"2024-02-26T02:12:07+00:00\",\"breadcrumb\":{\"@id\":\"https:\/\/notariabustamante.com\/index.php\/mision-vision-y-valores\/#breadcrumb\"},\"inLanguage\":\"es\",\"potentialAction\":[{\"@type\":\"ReadAction\",\"target\":[\"https:\/\/notariabustamante.com\/index.php\/mision-vision-y-valores\/\"]}]},{\"@type\":\"ImageObject\",\"inLanguage\":\"es\",\"@id\":\"https:\/\/notariabustamante.com\/index.php\/mision-vision-y-valores\/#primaryimage\",\"url\":\"https:\/\/notariabustamante.com\/wp-content\/uploads\/2024\/02\/Mision-Vision.jpg\",\"contentUrl\":\"https:\/\/notariabustamante.com\/wp-content\/uploads\/2024\/02\/Mision-Vision.jpg\",\"width\":1008,\"height\":543},{\"@type\":\"BreadcrumbList\",\"@id\":\"https:\/\/notariabustamante.com\/index.php\/mision-vision-y-valores\/#breadcrumb\",\"itemListElement\":[{\"@type\":\"ListItem\",\"position\":1,\"name\":\"Home\",\"item\":\"https:\/\/notariabustamante.com\/\"},{\"@type\":\"ListItem\",\"position\":2,\"name\":\"Misi\u00f3n, Visi\u00f3n y Valores\"}]},{\"@type\":\"WebSite\",\"@id\":\"https:\/\/notariabustamante.com\/#website\",\"url\":\"https:\/\/notariabustamante.com\/\",\"name\":\"Notar\u00eda Bustamante\",\"description\":\"Notar\u00eda Bustamante en la ciudad de Ja\u00e9n - Per\u00fa\",\"publisher\":{\"@id\":\"https:\/\/notariabustamante.com\/#organization\"},\"potentialAction\":[{\"@type\":\"SearchAction\",\"target\":{\"@type\":\"EntryPoint\",\"urlTemplate\":\"https:\/\/notariabustamante.com\/?s={search_term_string}\"},\"query-input\":{\"@type\":\"PropertyValueSpecification\",\"valueRequired\":true,\"valueName\":\"search_term_string\"}}],\"inLanguage\":\"es\"},{\"@type\":\"Organization\",\"@id\":\"https:\/\/notariabustamante.com\/#organization\",\"name\":\"Notar\u00eda Bustamante\",\"url\":\"https:\/\/notariabustamante.com\/\",\"logo\":{\"@type\":\"ImageObject\",\"inLanguage\":\"es\",\"@id\":\"https:\/\/notariabustamante.com\/#\/schema\/logo\/image\/\",\"url\":\"https:\/\/notariabustamante.com\/wp-content\/uploads\/2023\/08\/LogoHeadeFooter_1.jpeg\",\"contentUrl\":\"https:\/\/notariabustamante.com\/wp-content\/uploads\/2023\/08\/LogoHeadeFooter_1.jpeg\",\"width\":466,\"height\":148,\"caption\":\"Notar\u00eda Bustamante\"},\"image\":{\"@id\":\"https:\/\/notariabustamante.com\/#\/schema\/logo\/image\/\"}}]}<\/script>\n<!-- \/ Yoast SEO plugin. -->","yoast_head_json":{"title":"Misi\u00f3n, Visi\u00f3n y Valores - Notar\u00eda Bustamante","robots":{"index":"index","follow":"follow","max-snippet":"max-snippet:-1","max-image-preview":"max-image-preview:large","max-video-preview":"max-video-preview:-1"},"canonical":"https:\/\/notariabustamante.com\/index.php\/mision-vision-y-valores\/","og_locale":"es_ES","og_type":"article","og_title":"Misi\u00f3n, Visi\u00f3n y Valores - Notar\u00eda Bustamante","og_description":"Con una visi\u00f3n de integridad y un compromiso con la excelencia, brindamos servicios notariales que trascienden la mera formalidad, asegurando la protecci\u00f3n de sus intereses con profesionalismo y confianza. MISI\u00d3N Seguridad jur\u00eddica notarial a su servicio, con calidad oportunidad y legalidad. VISI\u00d3N Somos una organizaci\u00f3n Notarial l\u00edder en la sub-regi\u00f3n nor oriental peruana y provincia [&hellip;]","og_url":"https:\/\/notariabustamante.com\/index.php\/mision-vision-y-valores\/","og_site_name":"Notar\u00eda Bustamante","article_modified_time":"2024-02-26T02:12:07+00:00","og_image":[{"url":"https:\/\/notariabustamante.com\/wp-content\/uploads\/2024\/02\/Mision-Vision.jpg","type":"","width":"","height":""}],"twitter_card":"summary_large_image","twitter_misc":{"Tiempo de lectura":"1 minuto"},"schema":{"@context":"https:\/\/schema.org","@graph":[{"@type":"WebPage","@id":"https:\/\/notariabustamante.com\/index.php\/mision-vision-y-valores\/","url":"https:\/\/notariabustamante.com\/index.php\/mision-vision-y-valores\/","name":"Misi\u00f3n, Visi\u00f3n y Valores - Notar\u00eda Bustamante","isPartOf":{"@id":"https:\/\/notariabustamante.com\/#website"},"primaryImageOfPage":{"@id":"https:\/\/notariabustamante.com\/index.php\/mision-vision-y-valores\/#primaryimage"},"image":{"@id":"https:\/\/notariabustamante.com\/index.php\/mision-vision-y-valores\/#primaryimage"},"thumbnailUrl":"https:\/\/notariabustamante.com\/wp-content\/uploads\/2024\/02\/Mision-Vision.jpg","datePublished":"2024-02-19T23:41:00+00:00","dateModified":"2024-02-26T02:12:07+00:00","breadcrumb":{"@id":"https:\/\/notariabustamante.com\/index.php\/mision-vision-y-valores\/#breadcrumb"},"inLanguage":"es","potentialAction":[{"@type":"ReadAction","target":["https:\/\/notariabustamante.com\/index.php\/mision-vision-y-valores\/"]}]},{"@type":"ImageObject","inLanguage":"es","@id":"https:\/\/notariabustamante.com\/index.php\/mision-vision-y-valores\/#primaryimage","url":"https:\/\/notariabustamante.com\/wp-content\/uploads\/2024\/02\/Mision-Vision.jpg","contentUrl":"https:\/\/notariabustamante.com\/wp-content\/uploads\/2024\/02\/Mision-Vision.jpg","width":1008,"height":543},{"@type":"BreadcrumbList","@id":"https:\/\/notariabustamante.com\/index.php\/mision-vision-y-valores\/#breadcrumb","itemListElement":[{"@type":"ListItem","position":1,"name":"Home","item":"https:\/\/notariabustamante.com\/"},{"@type":"ListItem","position":2,"name":"Misi\u00f3n, Visi\u00f3n y Valores"}]},{"@type":"WebSite","@id":"https:\/\/notariabustamante.com\/#website","url":"https:\/\/notariabustamante.com\/","name":"Notar\u00eda Bustamante","description":"Notar\u00eda Bustamante en la ciudad de Ja\u00e9n - Per\u00fa","publisher":{"@id":"https:\/\/notariabustamante.com\/#organization"},"potentialAction":[{"@type":"SearchAction","target":{"@type":"EntryPoint","urlTemplate":"https:\/\/notariabustamante.com\/?s={search_term_string}"},"query-input":{"@type":"PropertyValueSpecification","valueRequired":true,"valueName":"search_term_string"}}],"inLanguage":"es"},{"@type":"Organization","@id":"https:\/\/notariabustamante.com\/#organization","name":"Notar\u00eda Bustamante","url":"https:\/\/notariabustamante.com\/","logo":{"@type":"ImageObject","inLanguage":"es","@id":"https:\/\/notariabustamante.com\/#\/schema\/logo\/image\/","url":"https:\/\/notariabustamante.com\/wp-content\/uploads\/2023\/08\/LogoHeadeFooter_1.jpeg","contentUrl":"https:\/\/notariabustamante.com\/wp-content\/uploads\/2023\/08\/LogoHeadeFooter_1.jpeg","width":466,"height":148,"caption":"Notar\u00eda Bustamante"},"image":{"@id":"https:\/\/notariabustamante.com\/#\/schema\/logo\/image\/"}}]}},"_links":{"self":[{"href":"https:\/\/notariabustamante.com\/index.php\/wp-json\/wp\/v2\/pages\/3689","targetHints":{"allow":["GET"]}}],"collection":[{"href":"https:\/\/notariabustamante.com\/index.php\/wp-json\/wp\/v2\/pages"}],"about":[{"href":"https:\/\/notariabustamante.com\/index.php\/wp-json\/wp\/v2\/types\/page"}],"author":[{"embeddable":true,"href":"https:\/\/notariabustamante.com\/index.php\/wp-json\/wp\/v2\/users\/1"}],"replies":[{"embeddable":true,"href":"https:\/\/notariabustamante.com\/index.php\/wp-json\/wp\/v2\/comments?post=3689"}],"version-history":[{"count":91,"href":"https:\/\/notariabustamante.com\/index.php\/wp-json\/wp\/v2\/pages\/3689\/revisions"}],"predecessor-version":[{"id":4214,"href":"https:\/\/notariabustamante.com\/index.php\/wp-json\/wp\/v2\/pages\/3689\/revisions\/4214"}],"wp:attachment":[{"href":"https:\/\/notariabustamante.com\/index.php\/wp-json\/wp\/v2\/media?parent=3689"}],"curies":[{"name":"wp","href":"https:\/\/api.w.org\/{rel}","templated":true}]}}