{"id":3743,"date":"2024-02-20T01:24:06","date_gmt":"2024-02-20T00:24:06","guid":{"rendered":"https:\/\/notariabustamante.com\/?page_id=3743"},"modified":"2024-02-20T01:31:04","modified_gmt":"2024-02-20T00:31:04","slug":"el-notario","status":"publish","type":"page","link":"https:\/\/notariabustamante.com\/index.php\/el-notario\/","title":{"rendered":"El Notario"},"content":{"rendered":"\t\t<div data-elementor-type=\"wp-page\" data-elementor-id=\"3743\" class=\"elementor elementor-3743\" data-elementor-post-type=\"page\">\n\t\t\t\t\t\t<section class=\"elementor-section elementor-top-section elementor-element elementor-element-19a81b0 elementor-section-boxed elementor-section-height-default elementor-section-height-default\" data-id=\"19a81b0\" data-element_type=\"section\" data-settings=\"{&quot;background_background&quot;:&quot;classic&quot;}\">\n\t\t\t\t\t\t\t<div class=\"elementor-background-overlay\"><\/div>\n\t\t\t\t\t\t\t<div class=\"elementor-container elementor-column-gap-default\">\n\t\t\t\t\t<div class=\"elementor-column elementor-col-100 elementor-top-column elementor-element elementor-element-1b6c4ba\" data-id=\"1b6c4ba\" data-element_type=\"column\">\n\t\t\t<div class=\"elementor-widget-wrap elementor-element-populated\">\n\t\t\t\t\t\t<div class=\"elementor-element elementor-element-4d86a57 elementor-widget elementor-widget-text-editor\" data-id=\"4d86a57\" data-element_type=\"widget\" data-widget_type=\"text-editor.default\">\n\t\t\t\t<div class=\"elementor-widget-container\">\n\t\t\t\t\t\t\t\t\t<p>Con una visi\u00f3n de integridad y un compromiso con la excelencia, brindamos servicios notariales que trascienden la mera formalidad, asegurando la protecci\u00f3n de sus intereses con profesionalismo y confianza.<\/p>\t\t\t\t\t\t\t\t<\/div>\n\t\t\t\t<\/div>\n\t\t\t\t\t<\/div>\n\t\t<\/div>\n\t\t\t\t\t<\/div>\n\t\t<\/section>\n\t\t<div class=\"elementor-element elementor-element-3b85d1d e-flex e-con-boxed e-con e-parent\" data-id=\"3b85d1d\" data-element_type=\"container\" data-settings=\"{&quot;background_background&quot;:&quot;classic&quot;}\">\n\t\t\t\t\t<div class=\"e-con-inner\">\n\t\t<div class=\"elementor-element elementor-element-dfe65cc e-con-full e-flex e-con e-child\" data-id=\"dfe65cc\" data-element_type=\"container\">\n\t\t<div class=\"elementor-element elementor-element-ac0da39 e-flex e-con-boxed e-con e-child\" data-id=\"ac0da39\" data-element_type=\"container\">\n\t\t\t\t\t<div class=\"e-con-inner\">\n\t\t\t\t<div class=\"elementor-element elementor-element-bb7c637 elementor-widget elementor-widget-text-editor\" data-id=\"bb7c637\" data-element_type=\"widget\" data-widget_type=\"text-editor.default\">\n\t\t\t\t<div class=\"elementor-widget-container\">\n\t\t\t\t\t\t\t\t\t<p><strong>El Dr. Elmer Bustamante Daza<\/strong>, distinguido Notario P\u00fablico en la provincia de Ja\u00e9n, departamento de Cajamarca, es un destacado abogado graduado de la Facultad de Derecho y Ciencias Pol\u00edticas de la Universidad Nacional \u00abPedro Ruiz Gallo\u00bb. Posee un doctorado en Derecho y Ciencia Pol\u00edtica, as\u00ed como un t\u00edtulo de Maestro en Derecho con especializaci\u00f3n en Civil y Comercial.<\/p><p>Adem\u00e1s de su s\u00f3lida formaci\u00f3n acad\u00e9mica, el Dr. Bustamante Daza es un Conciliador Extrajudicial certificado por el Centro Internacional de Administraci\u00f3n y Comercio de Lima (CIAC) y un \u00c1rbitro registrado en el Centro de Arbitraje de la Asociaci\u00f3n Peruana de Ciencias Jur\u00eddicas y Conciliaci\u00f3n (APECC).<\/p><p>Con una destacada trayectoria, fue Notario P\u00fablico en Cajamarca, Presidente del Tribunal de Honor del Colegio de Notarios P\u00fablicos de Cajamarca, y ocup\u00f3 el cargo de Registrador P\u00fablico en la Zona Registral N\u00b0 II Sede Chiclayo, as\u00ed como el de Gerente Registral de la misma zona.<\/p><p>El Dr. Bustamante Daza tambi\u00e9n ha compartido su profundo conocimiento como docente universitario en diversas instituciones educativas, incluyendo la Universidad \u00abSan Mart\u00edn\u00bb, la Universidad Nacional \u00abPedro Ruiz Gallo\u00bb, la Universidad Se\u00f1or de Sip\u00e1n, la Universidad San Pedro, la Universidad Particular de Chiclayo, y la Universidad \u00abAlas Peruanas\u00bb.<\/p><p>Su experiencia y dedicaci\u00f3n respaldan su destacada posici\u00f3n en el \u00e1mbito notarial y jur\u00eddico, contribuyendo significativamente al desarrollo acad\u00e9mico y profesional en nuestra regi\u00f3n.<\/p>\t\t\t\t\t\t\t\t<\/div>\n\t\t\t\t<\/div>\n\t\t\t\t\t<\/div>\n\t\t\t\t<\/div>\n\t\t\t\t<\/div>\n\t\t<div class=\"elementor-element elementor-element-46c825a e-con-full e-flex e-con e-child\" data-id=\"46c825a\" data-element_type=\"container\">\n\t\t\t\t<div class=\"elementor-element elementor-element-ff1c425 elementor-widget elementor-widget-heading\" data-id=\"ff1c425\" data-element_type=\"widget\" data-widget_type=\"heading.default\">\n\t\t\t\t<div class=\"elementor-widget-container\">\n\t\t\t\t\t<h2 class=\"elementor-heading-title elementor-size-default\">EL NOTARIO<\/h2>\t\t\t\t<\/div>\n\t\t\t\t<\/div>\n\t\t\t\t<div class=\"elementor-element elementor-element-daec0ac elementor-widget elementor-widget-image\" data-id=\"daec0ac\" data-element_type=\"widget\" data-widget_type=\"image.default\">\n\t\t\t\t<div class=\"elementor-widget-container\">\n\t\t\t\t\t\t\t\t\t\t\t\t\t\t\t<img fetchpriority=\"high\" decoding=\"async\" width=\"800\" height=\"646\" src=\"https:\/\/notariabustamante.com\/wp-content\/uploads\/2023\/12\/El_Notario-1024x827.jpg\" class=\"attachment-large size-large wp-image-1455\" alt=\"\" srcset=\"https:\/\/notariabustamante.com\/wp-content\/uploads\/2023\/12\/El_Notario-1024x827.jpg 1024w, https:\/\/notariabustamante.com\/wp-content\/uploads\/2023\/12\/El_Notario-300x242.jpg 300w, https:\/\/notariabustamante.com\/wp-content\/uploads\/2023\/12\/El_Notario-768x620.jpg 768w, https:\/\/notariabustamante.com\/wp-content\/uploads\/2023\/12\/El_Notario-1536x1240.jpg 1536w, https:\/\/notariabustamante.com\/wp-content\/uploads\/2023\/12\/El_Notario-2048x1654.jpg 2048w\" sizes=\"(max-width: 800px) 100vw, 800px\" \/>\t\t\t\t\t\t\t\t\t\t\t\t\t\t\t<\/div>\n\t\t\t\t<\/div>\n\t\t\t\t<\/div>\n\t\t\t\t\t<\/div>\n\t\t\t\t<\/div>\n\t\t\t\t<\/div>\n\t\t","protected":false},"excerpt":{"rendered":"<p>Con una visi\u00f3n de integridad y un compromiso con la excelencia, brindamos servicios notariales que trascienden la mera formalidad, asegurando la protecci\u00f3n de sus intereses con profesionalismo y confianza. El Dr. Elmer Bustamante Daza, distinguido Notario P\u00fablico en la provincia de Ja\u00e9n, departamento de Cajamarca, es un destacado abogado graduado de la Facultad de Derecho [&hellip;]<\/p>\n","protected":false},"author":1,"featured_media":0,"parent":0,"menu_order":0,"comment_status":"closed","ping_status":"closed","template":"","meta":{"footnotes":""},"class_list":["post-3743","page","type-page","status-publish","hentry"],"yoast_head":"<!-- This site is optimized with the Yoast SEO plugin v24.2 - https:\/\/yoast.com\/wordpress\/plugins\/seo\/ -->\n<title>El Notario - Notar\u00eda Bustamante<\/title>\n<meta name=\"robots\" content=\"index, follow, max-snippet:-1, max-image-preview:large, max-video-preview:-1\" \/>\n<link rel=\"canonical\" href=\"https:\/\/notariabustamante.com\/index.php\/el-notario\/\" \/>\n<meta property=\"og:locale\" content=\"es_ES\" \/>\n<meta property=\"og:type\" content=\"article\" \/>\n<meta property=\"og:title\" content=\"El Notario - Notar\u00eda Bustamante\" \/>\n<meta property=\"og:description\" content=\"Con una visi\u00f3n de integridad y un compromiso con la excelencia, brindamos servicios notariales que trascienden la mera formalidad, asegurando la protecci\u00f3n de sus intereses con profesionalismo y confianza. El Dr. Elmer Bustamante Daza, distinguido Notario P\u00fablico en la provincia de Ja\u00e9n, departamento de Cajamarca, es un destacado abogado graduado de la Facultad de Derecho [&hellip;]\" \/>\n<meta property=\"og:url\" content=\"https:\/\/notariabustamante.com\/index.php\/el-notario\/\" \/>\n<meta property=\"og:site_name\" content=\"Notar\u00eda Bustamante\" \/>\n<meta property=\"article:modified_time\" content=\"2024-02-20T00:31:04+00:00\" \/>\n<meta property=\"og:image\" content=\"https:\/\/notariabustamante.com\/wp-content\/uploads\/2023\/12\/El_Notario-1024x827.jpg\" \/>\n<meta name=\"twitter:card\" content=\"summary_large_image\" \/>\n<meta name=\"twitter:label1\" content=\"Tiempo de lectura\" \/>\n\t<meta name=\"twitter:data1\" content=\"1 minuto\" \/>\n<script type=\"application\/ld+json\" class=\"yoast-schema-graph\">{\"@context\":\"https:\/\/schema.org\",\"@graph\":[{\"@type\":\"WebPage\",\"@id\":\"https:\/\/notariabustamante.com\/index.php\/el-notario\/\",\"url\":\"https:\/\/notariabustamante.com\/index.php\/el-notario\/\",\"name\":\"El Notario - Notar\u00eda Bustamante\",\"isPartOf\":{\"@id\":\"https:\/\/notariabustamante.com\/#website\"},\"primaryImageOfPage\":{\"@id\":\"https:\/\/notariabustamante.com\/index.php\/el-notario\/#primaryimage\"},\"image\":{\"@id\":\"https:\/\/notariabustamante.com\/index.php\/el-notario\/#primaryimage\"},\"thumbnailUrl\":\"https:\/\/notariabustamante.com\/wp-content\/uploads\/2023\/12\/El_Notario-1024x827.jpg\",\"datePublished\":\"2024-02-20T00:24:06+00:00\",\"dateModified\":\"2024-02-20T00:31:04+00:00\",\"breadcrumb\":{\"@id\":\"https:\/\/notariabustamante.com\/index.php\/el-notario\/#breadcrumb\"},\"inLanguage\":\"es\",\"potentialAction\":[{\"@type\":\"ReadAction\",\"target\":[\"https:\/\/notariabustamante.com\/index.php\/el-notario\/\"]}]},{\"@type\":\"ImageObject\",\"inLanguage\":\"es\",\"@id\":\"https:\/\/notariabustamante.com\/index.php\/el-notario\/#primaryimage\",\"url\":\"https:\/\/notariabustamante.com\/wp-content\/uploads\/2023\/12\/El_Notario-scaled.jpg\",\"contentUrl\":\"https:\/\/notariabustamante.com\/wp-content\/uploads\/2023\/12\/El_Notario-scaled.jpg\",\"width\":2560,\"height\":2067},{\"@type\":\"BreadcrumbList\",\"@id\":\"https:\/\/notariabustamante.com\/index.php\/el-notario\/#breadcrumb\",\"itemListElement\":[{\"@type\":\"ListItem\",\"position\":1,\"name\":\"Home\",\"item\":\"https:\/\/notariabustamante.com\/\"},{\"@type\":\"ListItem\",\"position\":2,\"name\":\"El Notario\"}]},{\"@type\":\"WebSite\",\"@id\":\"https:\/\/notariabustamante.com\/#website\",\"url\":\"https:\/\/notariabustamante.com\/\",\"name\":\"Notar\u00eda Bustamante\",\"description\":\"Notar\u00eda Bustamante en la ciudad de Ja\u00e9n - Per\u00fa\",\"publisher\":{\"@id\":\"https:\/\/notariabustamante.com\/#organization\"},\"potentialAction\":[{\"@type\":\"SearchAction\",\"target\":{\"@type\":\"EntryPoint\",\"urlTemplate\":\"https:\/\/notariabustamante.com\/?s={search_term_string}\"},\"query-input\":{\"@type\":\"PropertyValueSpecification\",\"valueRequired\":true,\"valueName\":\"search_term_string\"}}],\"inLanguage\":\"es\"},{\"@type\":\"Organization\",\"@id\":\"https:\/\/notariabustamante.com\/#organization\",\"name\":\"Notar\u00eda Bustamante\",\"url\":\"https:\/\/notariabustamante.com\/\",\"logo\":{\"@type\":\"ImageObject\",\"inLanguage\":\"es\",\"@id\":\"https:\/\/notariabustamante.com\/#\/schema\/logo\/image\/\",\"url\":\"https:\/\/notariabustamante.com\/wp-content\/uploads\/2023\/08\/LogoHeadeFooter_1.jpeg\",\"contentUrl\":\"https:\/\/notariabustamante.com\/wp-content\/uploads\/2023\/08\/LogoHeadeFooter_1.jpeg\",\"width\":466,\"height\":148,\"caption\":\"Notar\u00eda Bustamante\"},\"image\":{\"@id\":\"https:\/\/notariabustamante.com\/#\/schema\/logo\/image\/\"}}]}<\/script>\n<!-- \/ Yoast SEO plugin. -->","yoast_head_json":{"title":"El Notario - Notar\u00eda Bustamante","robots":{"index":"index","follow":"follow","max-snippet":"max-snippet:-1","max-image-preview":"max-image-preview:large","max-video-preview":"max-video-preview:-1"},"canonical":"https:\/\/notariabustamante.com\/index.php\/el-notario\/","og_locale":"es_ES","og_type":"article","og_title":"El Notario - Notar\u00eda Bustamante","og_description":"Con una visi\u00f3n de integridad y un compromiso con la excelencia, brindamos servicios notariales que trascienden la mera formalidad, asegurando la protecci\u00f3n de sus intereses con profesionalismo y confianza. El Dr. Elmer Bustamante Daza, distinguido Notario P\u00fablico en la provincia de Ja\u00e9n, departamento de Cajamarca, es un destacado abogado graduado de la Facultad de Derecho [&hellip;]","og_url":"https:\/\/notariabustamante.com\/index.php\/el-notario\/","og_site_name":"Notar\u00eda Bustamante","article_modified_time":"2024-02-20T00:31:04+00:00","og_image":[{"url":"https:\/\/notariabustamante.com\/wp-content\/uploads\/2023\/12\/El_Notario-1024x827.jpg","type":"","width":"","height":""}],"twitter_card":"summary_large_image","twitter_misc":{"Tiempo de lectura":"1 minuto"},"schema":{"@context":"https:\/\/schema.org","@graph":[{"@type":"WebPage","@id":"https:\/\/notariabustamante.com\/index.php\/el-notario\/","url":"https:\/\/notariabustamante.com\/index.php\/el-notario\/","name":"El Notario - Notar\u00eda Bustamante","isPartOf":{"@id":"https:\/\/notariabustamante.com\/#website"},"primaryImageOfPage":{"@id":"https:\/\/notariabustamante.com\/index.php\/el-notario\/#primaryimage"},"image":{"@id":"https:\/\/notariabustamante.com\/index.php\/el-notario\/#primaryimage"},"thumbnailUrl":"https:\/\/notariabustamante.com\/wp-content\/uploads\/2023\/12\/El_Notario-1024x827.jpg","datePublished":"2024-02-20T00:24:06+00:00","dateModified":"2024-02-20T00:31:04+00:00","breadcrumb":{"@id":"https:\/\/notariabustamante.com\/index.php\/el-notario\/#breadcrumb"},"inLanguage":"es","potentialAction":[{"@type":"ReadAction","target":["https:\/\/notariabustamante.com\/index.php\/el-notario\/"]}]},{"@type":"ImageObject","inLanguage":"es","@id":"https:\/\/notariabustamante.com\/index.php\/el-notario\/#primaryimage","url":"https:\/\/notariabustamante.com\/wp-content\/uploads\/2023\/12\/El_Notario-scaled.jpg","contentUrl":"https:\/\/notariabustamante.com\/wp-content\/uploads\/2023\/12\/El_Notario-scaled.jpg","width":2560,"height":2067},{"@type":"BreadcrumbList","@id":"https:\/\/notariabustamante.com\/index.php\/el-notario\/#breadcrumb","itemListElement":[{"@type":"ListItem","position":1,"name":"Home","item":"https:\/\/notariabustamante.com\/"},{"@type":"ListItem","position":2,"name":"El Notario"}]},{"@type":"WebSite","@id":"https:\/\/notariabustamante.com\/#website","url":"https:\/\/notariabustamante.com\/","name":"Notar\u00eda Bustamante","description":"Notar\u00eda Bustamante en la ciudad de Ja\u00e9n - Per\u00fa","publisher":{"@id":"https:\/\/notariabustamante.com\/#organization"},"potentialAction":[{"@type":"SearchAction","target":{"@type":"EntryPoint","urlTemplate":"https:\/\/notariabustamante.com\/?s={search_term_string}"},"query-input":{"@type":"PropertyValueSpecification","valueRequired":true,"valueName":"search_term_string"}}],"inLanguage":"es"},{"@type":"Organization","@id":"https:\/\/notariabustamante.com\/#organization","name":"Notar\u00eda Bustamante","url":"https:\/\/notariabustamante.com\/","logo":{"@type":"ImageObject","inLanguage":"es","@id":"https:\/\/notariabustamante.com\/#\/schema\/logo\/image\/","url":"https:\/\/notariabustamante.com\/wp-content\/uploads\/2023\/08\/LogoHeadeFooter_1.jpeg","contentUrl":"https:\/\/notariabustamante.com\/wp-content\/uploads\/2023\/08\/LogoHeadeFooter_1.jpeg","width":466,"height":148,"caption":"Notar\u00eda Bustamante"},"image":{"@id":"https:\/\/notariabustamante.com\/#\/schema\/logo\/image\/"}}]}},"_links":{"self":[{"href":"https:\/\/notariabustamante.com\/index.php\/wp-json\/wp\/v2\/pages\/3743","targetHints":{"allow":["GET"]}}],"collection":[{"href":"https:\/\/notariabustamante.com\/index.php\/wp-json\/wp\/v2\/pages"}],"about":[{"href":"https:\/\/notariabustamante.com\/index.php\/wp-json\/wp\/v2\/types\/page"}],"author":[{"embeddable":true,"href":"https:\/\/notariabustamante.com\/index.php\/wp-json\/wp\/v2\/users\/1"}],"replies":[{"embeddable":true,"href":"https:\/\/notariabustamante.com\/index.php\/wp-json\/wp\/v2\/comments?post=3743"}],"version-history":[{"count":7,"href":"https:\/\/notariabustamante.com\/index.php\/wp-json\/wp\/v2\/pages\/3743\/revisions"}],"predecessor-version":[{"id":3752,"href":"https:\/\/notariabustamante.com\/index.php\/wp-json\/wp\/v2\/pages\/3743\/revisions\/3752"}],"wp:attachment":[{"href":"https:\/\/notariabustamante.com\/index.php\/wp-json\/wp\/v2\/media?parent=3743"}],"curies":[{"name":"wp","href":"https:\/\/api.w.org\/{rel}","templated":true}]}}